{"id":58,"date":"2023-09-05T21:27:14","date_gmt":"2023-09-06T00:27:14","guid":{"rendered":"https:\/\/institutoi3g.org\/site\/?page_id=58"},"modified":"2024-10-11T21:00:15","modified_gmt":"2024-10-12T00:00:15","slug":"home","status":"publish","type":"page","link":"https:\/\/institutoi3g.org\/site\/","title":{"rendered":"Home"},"content":{"rendered":"\n<p class=\"has-medium-font-size\">Bem-vindo ao Futuro da Intelig\u00eancia Artificial: Onde Tecnologia e \u00c9tica se Encontram<\/p>\n\n\n\n<figure class=\"wp-block-image size-full is-style-default\"><img loading=\"lazy\" decoding=\"async\" width=\"800\" height=\"500\" src=\"https:\/\/institutoi3g.org\/site\/wp-content\/uploads\/2024\/10\/machine-redimensionado-800x500-1.jpg\" alt=\"\" class=\"wp-image-475\" srcset=\"https:\/\/institutoi3g.org\/site\/wp-content\/uploads\/2024\/10\/machine-redimensionado-800x500-1.jpg 800w, https:\/\/institutoi3g.org\/site\/wp-content\/uploads\/2024\/10\/machine-redimensionado-800x500-1-300x188.jpg 300w, https:\/\/institutoi3g.org\/site\/wp-content\/uploads\/2024\/10\/machine-redimensionado-800x500-1-768x480.jpg 768w\" sizes=\"auto, (max-width: 800px) 100vw, 800px\" \/><\/figure>\n\n\n\n<p>Vivemos em uma era de transforma\u00e7\u00e3o digital, onde a Intelig\u00eancia Artificial (IA) n\u00e3o s\u00f3 revoluciona ind\u00fastrias, mas tamb\u00e9m redefine a forma como nos conectamos com o mundo e uns com os outros. Neste espa\u00e7o, exploramos o impacto da IA no futuro das rela\u00e7\u00f5es humanas, focando na interse\u00e7\u00e3o entre inova\u00e7\u00e3o tecnol\u00f3gica e \u00e9tica.<\/p>\n\n\n\n<p>Nosso compromisso \u00e9 refletir sobre as quest\u00f5es mais importantes do nosso tempo: Como a IA pode ser usada para promover o bem-estar social? Quais s\u00e3o os limites \u00e9ticos que devem guiar o desenvolvimento tecnol\u00f3gico? Aqui, acreditamos que a tecnologia deve ser uma for\u00e7a para o bem, respeitando os valores humanos e promovendo a empatia e o respeito em um mundo cada vez mais digitalizado.<\/p>\n\n\n\n<p>Junte-se a n\u00f3s nessa jornada para construir um futuro onde a intelig\u00eancia das m\u00e1quinas e a sabedoria humana caminhem lado a lado.<\/p>\n","protected":false},"excerpt":{"rendered":"<p>Bem-vindo ao Futuro da Intelig\u00eancia Artificial: Onde Tecnologia e \u00c9tica se Encontram Vivemos em uma era de transforma\u00e7\u00e3o digital, onde a Intelig\u00eancia Artificial (IA) n\u00e3o&hellip;<\/p>\n","protected":false},"author":1,"featured_media":0,"parent":0,"menu_order":0,"comment_status":"closed","ping_status":"closed","template":"","meta":{"footnotes":""},"class_list":["post-58","page","type-page","status-publish","hentry"],"yoast_head":"<!-- This site is optimized with the Yoast SEO plugin v27.4 - https:\/\/yoast.com\/product\/yoast-seo-wordpress\/ -->\n<title>Home - Instituto I3G<\/title>\n<meta name=\"robots\" content=\"index, follow, max-snippet:-1, max-image-preview:large, max-video-preview:-1\" \/>\n<link rel=\"canonical\" href=\"https:\/\/institutoi3g.org\/site\/\" \/>\n<meta property=\"og:locale\" content=\"pt_PT\" \/>\n<meta property=\"og:type\" content=\"article\" \/>\n<meta property=\"og:title\" content=\"Home - Instituto I3G\" \/>\n<meta property=\"og:description\" content=\"Bem-vindo ao Futuro da Intelig\u00eancia Artificial: Onde Tecnologia e \u00c9tica se Encontram Vivemos em uma era de transforma\u00e7\u00e3o digital, onde a Intelig\u00eancia Artificial (IA) n\u00e3o&hellip;\" \/>\n<meta property=\"og:url\" content=\"https:\/\/institutoi3g.org\/site\/\" \/>\n<meta property=\"og:site_name\" content=\"Instituto I3G\" \/>\n<meta property=\"article:modified_time\" content=\"2024-10-12T00:00:15+00:00\" \/>\n<meta property=\"og:image\" content=\"https:\/\/institutoi3g.org\/site\/wp-content\/uploads\/2024\/10\/machine-redimensionado-800x500-1.jpg\" \/>\n\t<meta property=\"og:image:width\" content=\"800\" \/>\n\t<meta property=\"og:image:height\" content=\"500\" \/>\n\t<meta property=\"og:image:type\" content=\"image\/jpeg\" \/>\n<meta name=\"twitter:card\" content=\"summary_large_image\" \/>\n<meta name=\"twitter:label1\" content=\"Tempo estimado de leitura\" \/>\n\t<meta name=\"twitter:data1\" content=\"1 minuto\" \/>\n<script type=\"application\/ld+json\" class=\"yoast-schema-graph\">{\"@context\":\"https:\\\/\\\/schema.org\",\"@graph\":[{\"@type\":\"WebPage\",\"@id\":\"https:\\\/\\\/institutoi3g.org\\\/site\\\/\",\"url\":\"https:\\\/\\\/institutoi3g.org\\\/site\\\/\",\"name\":\"Home - Instituto I3G\",\"isPartOf\":{\"@id\":\"https:\\\/\\\/institutoi3g.org\\\/site\\\/#website\"},\"primaryImageOfPage\":{\"@id\":\"https:\\\/\\\/institutoi3g.org\\\/site\\\/#primaryimage\"},\"image\":{\"@id\":\"https:\\\/\\\/institutoi3g.org\\\/site\\\/#primaryimage\"},\"thumbnailUrl\":\"https:\\\/\\\/institutoi3g.org\\\/site\\\/wp-content\\\/uploads\\\/2024\\\/10\\\/machine-redimensionado-800x500-1.jpg\",\"datePublished\":\"2023-09-06T00:27:14+00:00\",\"dateModified\":\"2024-10-12T00:00:15+00:00\",\"breadcrumb\":{\"@id\":\"https:\\\/\\\/institutoi3g.org\\\/site\\\/#breadcrumb\"},\"inLanguage\":\"pt-PT\",\"potentialAction\":[{\"@type\":\"ReadAction\",\"target\":[\"https:\\\/\\\/institutoi3g.org\\\/site\\\/\"]}]},{\"@type\":\"ImageObject\",\"inLanguage\":\"pt-PT\",\"@id\":\"https:\\\/\\\/institutoi3g.org\\\/site\\\/#primaryimage\",\"url\":\"https:\\\/\\\/institutoi3g.org\\\/site\\\/wp-content\\\/uploads\\\/2024\\\/10\\\/machine-redimensionado-800x500-1.jpg\",\"contentUrl\":\"https:\\\/\\\/institutoi3g.org\\\/site\\\/wp-content\\\/uploads\\\/2024\\\/10\\\/machine-redimensionado-800x500-1.jpg\",\"width\":800,\"height\":500,\"caption\":\"3d rendering robot learning or machine learning with education hud interface\"},{\"@type\":\"BreadcrumbList\",\"@id\":\"https:\\\/\\\/institutoi3g.org\\\/site\\\/#breadcrumb\",\"itemListElement\":[{\"@type\":\"ListItem\",\"position\":1,\"name\":\"In\u00edcio\",\"item\":\"https:\\\/\\\/institutoi3g.org\\\/site\\\/\"},{\"@type\":\"ListItem\",\"position\":2,\"name\":\"Home\"}]},{\"@type\":\"WebSite\",\"@id\":\"https:\\\/\\\/institutoi3g.org\\\/site\\\/#website\",\"url\":\"https:\\\/\\\/institutoi3g.org\\\/site\\\/\",\"name\":\"Instituto I3G\",\"description\":\"\",\"potentialAction\":[{\"@type\":\"SearchAction\",\"target\":{\"@type\":\"EntryPoint\",\"urlTemplate\":\"https:\\\/\\\/institutoi3g.org\\\/site\\\/?s={search_term_string}\"},\"query-input\":{\"@type\":\"PropertyValueSpecification\",\"valueRequired\":true,\"valueName\":\"search_term_string\"}}],\"inLanguage\":\"pt-PT\"}]}<\/script>\n<!-- \/ Yoast SEO plugin. -->","yoast_head_json":{"title":"Home - Instituto I3G","robots":{"index":"index","follow":"follow","max-snippet":"max-snippet:-1","max-image-preview":"max-image-preview:large","max-video-preview":"max-video-preview:-1"},"canonical":"https:\/\/institutoi3g.org\/site\/","og_locale":"pt_PT","og_type":"article","og_title":"Home - Instituto I3G","og_description":"Bem-vindo ao Futuro da Intelig\u00eancia Artificial: Onde Tecnologia e \u00c9tica se Encontram Vivemos em uma era de transforma\u00e7\u00e3o digital, onde a Intelig\u00eancia Artificial (IA) n\u00e3o&hellip;","og_url":"https:\/\/institutoi3g.org\/site\/","og_site_name":"Instituto I3G","article_modified_time":"2024-10-12T00:00:15+00:00","og_image":[{"width":800,"height":500,"url":"https:\/\/institutoi3g.org\/site\/wp-content\/uploads\/2024\/10\/machine-redimensionado-800x500-1.jpg","type":"image\/jpeg"}],"twitter_card":"summary_large_image","twitter_misc":{"Tempo estimado de leitura":"1 minuto"},"schema":{"@context":"https:\/\/schema.org","@graph":[{"@type":"WebPage","@id":"https:\/\/institutoi3g.org\/site\/","url":"https:\/\/institutoi3g.org\/site\/","name":"Home - Instituto I3G","isPartOf":{"@id":"https:\/\/institutoi3g.org\/site\/#website"},"primaryImageOfPage":{"@id":"https:\/\/institutoi3g.org\/site\/#primaryimage"},"image":{"@id":"https:\/\/institutoi3g.org\/site\/#primaryimage"},"thumbnailUrl":"https:\/\/institutoi3g.org\/site\/wp-content\/uploads\/2024\/10\/machine-redimensionado-800x500-1.jpg","datePublished":"2023-09-06T00:27:14+00:00","dateModified":"2024-10-12T00:00:15+00:00","breadcrumb":{"@id":"https:\/\/institutoi3g.org\/site\/#breadcrumb"},"inLanguage":"pt-PT","potentialAction":[{"@type":"ReadAction","target":["https:\/\/institutoi3g.org\/site\/"]}]},{"@type":"ImageObject","inLanguage":"pt-PT","@id":"https:\/\/institutoi3g.org\/site\/#primaryimage","url":"https:\/\/institutoi3g.org\/site\/wp-content\/uploads\/2024\/10\/machine-redimensionado-800x500-1.jpg","contentUrl":"https:\/\/institutoi3g.org\/site\/wp-content\/uploads\/2024\/10\/machine-redimensionado-800x500-1.jpg","width":800,"height":500,"caption":"3d rendering robot learning or machine learning with education hud interface"},{"@type":"BreadcrumbList","@id":"https:\/\/institutoi3g.org\/site\/#breadcrumb","itemListElement":[{"@type":"ListItem","position":1,"name":"In\u00edcio","item":"https:\/\/institutoi3g.org\/site\/"},{"@type":"ListItem","position":2,"name":"Home"}]},{"@type":"WebSite","@id":"https:\/\/institutoi3g.org\/site\/#website","url":"https:\/\/institutoi3g.org\/site\/","name":"Instituto I3G","description":"","potentialAction":[{"@type":"SearchAction","target":{"@type":"EntryPoint","urlTemplate":"https:\/\/institutoi3g.org\/site\/?s={search_term_string}"},"query-input":{"@type":"PropertyValueSpecification","valueRequired":true,"valueName":"search_term_string"}}],"inLanguage":"pt-PT"}]}},"_links":{"self":[{"href":"https:\/\/institutoi3g.org\/site\/wp-json\/wp\/v2\/pages\/58","targetHints":{"allow":["GET"]}}],"collection":[{"href":"https:\/\/institutoi3g.org\/site\/wp-json\/wp\/v2\/pages"}],"about":[{"href":"https:\/\/institutoi3g.org\/site\/wp-json\/wp\/v2\/types\/page"}],"author":[{"embeddable":true,"href":"https:\/\/institutoi3g.org\/site\/wp-json\/wp\/v2\/users\/1"}],"replies":[{"embeddable":true,"href":"https:\/\/institutoi3g.org\/site\/wp-json\/wp\/v2\/comments?post=58"}],"version-history":[{"count":7,"href":"https:\/\/institutoi3g.org\/site\/wp-json\/wp\/v2\/pages\/58\/revisions"}],"predecessor-version":[{"id":512,"href":"https:\/\/institutoi3g.org\/site\/wp-json\/wp\/v2\/pages\/58\/revisions\/512"}],"wp:attachment":[{"href":"https:\/\/institutoi3g.org\/site\/wp-json\/wp\/v2\/media?parent=58"}],"curies":[{"name":"wp","href":"https:\/\/api.w.org\/{rel}","templated":true}]}}